{"id":292,"date":"2017-11-23T12:45:01","date_gmt":"2017-11-23T10:45:01","guid":{"rendered":"https:\/\/aurinkohieronta.fi?page_id=292"},"modified":"2017-11-23T12:45:01","modified_gmt":"2017-11-23T10:45:01","slug":"evasteet","status":"publish","type":"page","link":"https:\/\/aurinkohieronta.fi?page_id=292","title":{"rendered":"Ev\u00e4steet"},"content":{"rendered":"<div class=\"fusion-fullwidth fullwidth-box fusion-builder-row-1 nonhundred-percent-fullwidth non-hundred-percent-height-scrolling\" style=\"background-color: rgba(255,255,255,0);background-position: center center;background-repeat: no-repeat;padding-top:0px;padding-right:0px;padding-bottom:0px;padding-left:0px;margin-bottom: 0px;margin-top: 0px;border-width: 0px 0px 0px 0px;border-color:#eae9e9;border-style:solid;\" ><div class=\"fusion-builder-row fusion-row\"><div class=\"fusion-layout-column fusion_builder_column fusion-builder-column-0 fusion_builder_column_1_1 1_1 fusion-one-full fusion-column-first fusion-column-last\" style=\"margin-top:0px;margin-bottom:20px;\"><div class=\"fusion-column-wrapper fusion-flex-column-wrapper-legacy\" style=\"background-position:left top;background-repeat:no-repeat;-webkit-background-size:cover;-moz-background-size:cover;-o-background-size:cover;background-size:cover;padding: 0px 0px 0px 0px;\"><div class=\"fusion-text fusion-text-1\"><h1><a href=\"https:\/\/fi.wikipedia.org\/wiki\/Ev%C3%A4ste\">Ev\u00e4steet<\/a><\/h1>\n<p>Aurinkohieronta.fi -sivusto k\u00e4ytt\u00e4\u00e4 ev\u00e4steit\u00e4 ensisijaisesti palvelun tarjoamiseen ja k\u00e4ytt\u00e4j\u00e4kokemuksen parantamiseen.<\/p>\n<p>K\u00e4ytt\u00e4m\u00e4ll\u00e4 Aurinkohieronta.fi -sivustoa annat suostumuksen siihen, ett\u00e4 k\u00e4yt\u00e4mme ev\u00e4steit\u00e4 t\u00e4ss\u00e4 kuvatun k\u00e4yt\u00e4nn\u00f6n mukaisesti.<\/p>\n<h2>Ev\u00e4steiden tallentaminen<\/h2>\n<p>Ev\u00e4steet ovat vierailtujen sivustojen tietokoneelle tallentamia tietoja.<\/p>\n<p>Ev\u00e4steet sis\u00e4lt\u00e4v\u00e4t usein verkkosivujen asetuksiin liittyvi\u00e4 tietoja, kuten kieli- tai sijaintitietoja. Kun palaat sivulle my\u00f6hemmin, selain l\u00e4hett\u00e4\u00e4 sivulle takaisin sille kuuluvat ev\u00e4steet. T\u00e4ll\u00e4 tavalla sivustolla voidaan n\u00e4ytt\u00e4\u00e4 tiedot sinulle sopivaksi muokatulla tavalla.<\/p>\n<p>Ev\u00e4steet voivat sis\u00e4lt\u00e4\u00e4 my\u00f6s k\u00e4ytt\u00e4j\u00e4\u00e4n kohdistettavia yksityistietoja. Muista kuitenkin, ett\u00e4 sivustolla on vain ne tiedot, jotka olet itse sille antanut. Sivusto ei voi esimerkiksi p\u00e4\u00e4tell\u00e4 s\u00e4hk\u00f6postiosoitettasi ellet ole sit\u00e4 nimenomaisesti sille antanut. Sivusto ei p\u00e4\u00e4se my\u00f6sk\u00e4\u00e4n k\u00e4siksi muihin tietokoneeltasi l\u00f6ytyviin tietoihin.<\/p>\n<p>Osa ev\u00e4steit\u00e4 poistetaan heti selausistunnon p\u00e4\u00e4tytty\u00e4 ja osa s\u00e4ilyy tietokoneellasi tai mobiililaitteellasi. Voit kuitenkin halutessasi poistaa kaikki ev\u00e4steet internetselaimesi asetuksista.<\/p>\n<h2>Ev\u00e4steiden k\u00e4ytt\u00f6tarkoitus<\/h2>\n<p>K\u00e4yt\u00e4mme ev\u00e4steit\u00e4 sivuston k\u00e4yt\u00f6n sujuvoittamiseen ja kehitt\u00e4miseen. Ev\u00e4steit\u00e4 k\u00e4ytet\u00e4\u00e4n my\u00f6s erilaisten anonyymien tilastojen laatimisessa. Tilastojen avulla saamme tietoa sivustomme k\u00e4yt\u00f6st\u00e4 ja voimme kehitt\u00e4\u00e4 palveluamme.<\/p>\n<p>Ev\u00e4steiden est\u00e4minen voi johtaa sivuston toimimattomuuteen.<\/p>\n<h2>Miksei ev\u00e4steit\u00e4 tule pop-up -ilmoitusta?<\/h2>\n<p>Ev\u00e4steist\u00e4 ilmoitetaan lain edellytt\u00e4m\u00e4ll\u00e4 tavallla. Pop-up -ikkunat eiv\u00e4t mielest\u00e4mme paranna k\u00e4ytt\u00e4j\u00e4kokemusta eik\u00e4 ne ole lain vaatimus.<\/p>\n<h2>Mit\u00e4 jos et hyv\u00e4ksty ev\u00e4steiden k\u00e4ytt\u00f6\u00e4?<\/h2>\n<p>Mik\u00e4li et hyv\u00e4ksy ev\u00e4steiden k\u00e4ytt\u00f6\u00e4, voit est\u00e4\u00e4 ev\u00e4steiden k\u00e4yt\u00f6n internetselaimesi asetuksista tai lopettaa Aurinkohieronta.fi -sivuston k\u00e4yt\u00f6n.<\/p>\n<p>Jos poistat ev\u00e4steet kokonaan k\u00e4yt\u00f6st\u00e4, voi se johtaa sivuston toimimattomuuteen.<\/p>\n<\/div><div class=\"fusion-clearfix\"><\/div><\/div><\/div><\/div><\/div>\n","protected":false},"excerpt":{"rendered":"","protected":false},"author":1,"featured_media":0,"parent":0,"menu_order":0,"comment_status":"closed","ping_status":"closed","template":"","meta":{"footnotes":""},"_links":{"self":[{"href":"https:\/\/aurinkohieronta.fi\/index.php?rest_route=\/wp\/v2\/pages\/292"}],"collection":[{"href":"https:\/\/aurinkohieronta.fi\/index.php?rest_route=\/wp\/v2\/pages"}],"about":[{"href":"https:\/\/aurinkohieronta.fi\/index.php?rest_route=\/wp\/v2\/types\/page"}],"author":[{"embeddable":true,"href":"https:\/\/aurinkohieronta.fi\/index.php?rest_route=\/wp\/v2\/users\/1"}],"replies":[{"embeddable":true,"href":"https:\/\/aurinkohieronta.fi\/index.php?rest_route=%2Fwp%2Fv2%2Fcomments&post=292"}],"version-history":[{"count":3,"href":"https:\/\/aurinkohieronta.fi\/index.php?rest_route=\/wp\/v2\/pages\/292\/revisions"}],"predecessor-version":[{"id":303,"href":"https:\/\/aurinkohieronta.fi\/index.php?rest_route=\/wp\/v2\/pages\/292\/revisions\/303"}],"wp:attachment":[{"href":"https:\/\/aurinkohieronta.fi\/index.php?rest_route=%2Fwp%2Fv2%2Fmedia&parent=292"}],"curies":[{"name":"wp","href":"https:\/\/api.w.org\/{rel}","templated":true}]}}