{"id":275,"date":"2017-12-08T10:05:47","date_gmt":"2017-12-08T08:05:47","guid":{"rendered":"https:\/\/aurinkohieronta.fi?page_id=275"},"modified":"2018-05-05T12:08:00","modified_gmt":"2018-05-05T09:08:00","slug":"yritys","status":"publish","type":"page","link":"https:\/\/aurinkohieronta.fi?page_id=275","title":{"rendered":"Yritys"},"content":{"rendered":"<div class=\"fusion-fullwidth fullwidth-box fusion-builder-row-1 nonhundred-percent-fullwidth non-hundred-percent-height-scrolling\" style=\"background-color: rgba(255,255,255,0);background-position: center center;background-repeat: no-repeat;padding-top:0px;padding-right:0px;padding-bottom:0px;padding-left:0px;margin-bottom: 0px;margin-top: 0px;border-width: 0px 0px 0px 0px;border-color:#eae9e9;border-style:solid;\" ><div class=\"fusion-builder-row fusion-row\"><div class=\"fusion-layout-column fusion_builder_column fusion-builder-column-0 fusion_builder_column_1_1 1_1 fusion-one-full fusion-column-first fusion-column-last\" style=\"margin-top:0px;margin-bottom:0px;\"><div class=\"fusion-column-wrapper fusion-flex-column-wrapper-legacy\" style=\"background-position:left top;background-repeat:no-repeat;-webkit-background-size:cover;-moz-background-size:cover;-o-background-size:cover;background-size:cover;padding: 0px 0px 0px 0px;\"><div class=\"fusion-text fusion-text-1\"><h1>Aurinkohieronta<\/h1>\n<span class=\" fusion-imageframe imageframe-none imageframe-1 hover-type-none\" style=\"margin-left:25px;float:right;\"><img decoding=\"async\" width=\"239\" height=\"300\" title=\"Pirkka\" src=\"https:\/\/aurinkohieronta.fi\/wp-content\/uploads\/2017\/12\/Pirkka-transparentBG-239x300.png\" alt class=\"img-responsive wp-image-334\" srcset=\"https:\/\/aurinkohieronta.fi\/wp-content\/uploads\/2017\/12\/Pirkka-transparentBG-200x251.png 200w, https:\/\/aurinkohieronta.fi\/wp-content\/uploads\/2017\/12\/Pirkka-transparentBG-400x502.png 400w, https:\/\/aurinkohieronta.fi\/wp-content\/uploads\/2017\/12\/Pirkka-transparentBG-600x754.png 600w, https:\/\/aurinkohieronta.fi\/wp-content\/uploads\/2017\/12\/Pirkka-transparentBG.png 668w\" sizes=\"(max-width: 800px) 100vw, 239px\" \/><\/span>\n<p>Yrityksen nimen valinta l\u00e4hti luonnollisesti siit\u00e4, ett\u00e4 olen naantalilainen ja halusin tuoda jotain &#8221;pehmeytt\u00e4&#8221; nimeen, vaikka pystynkin kesytt\u00e4m\u00e4\u00e4n isompiakin karpaaseja hierontap\u00f6yd\u00e4ll\u00e4. Mist\u00e4 kaikki sitten l\u00e4hti?<\/p>\n<p>Olen korkeakoulutettu ja tehnyt menestyksekk\u00e4\u00e4n uran teknologiateollisuuden parissa, mutta aikansa kaikkea ja kun tilaisuus tuli, niin kouluttauduin urheiluhierojaksi. El\u00e4m\u00e4narvot ovat sen verran vuosien varrella muuttuneet, ett\u00e4 oma terveys sek\u00e4 hyvinvointi ja nyt t\u00e4t\u00e4 kautta muidenkin ihmisten hyvinvointi ovat tulleet t\u00e4rke\u00e4mm\u00e4ksi kuin aiemmin. Pari aktiivista urheilevaa nuorta lasta t\u00e4ytt\u00e4\u00e4 vapaa-ajan hyvin. Itse olen k\u00e4ynyt aktiivisesti (2-4 kertaa viikossa) salilla nyt noin 5 vuotta ja monta juttua on t\u00e4ss\u00e4 vuosien varrella siell\u00e4kin opittu. Mit\u00e4 sitten edellisilt\u00e4 ehtii, niin loppu aika ja raha menee erilaisiin ilmailuaktiviteetteihin ja matkusteluun.<\/p>\n<p>Olen kunnianhimoinen ja haluan tehd\u00e4 kaikki aina hyvin ja mik\u00e4li asiat voi tehd\u00e4 paremmin, niin mik\u00e4li mahdollista niin tapahtuu. T\u00e4t\u00e4 sovellan my\u00f6s hierontaan eli teen kaikkeni ett\u00e4 asiakas on tyytyv\u00e4inen ja h\u00e4n haluaa oikeasti tulla uudestaan takaisin omasta aloitteestaan. Vastapainoksi pyyd\u00e4n rehellist\u00e4 palautetta &#8211; kest\u00e4n kyll\u00e4 kritiikin ja haluan k\u00e4ytt\u00e4\u00e4 sen kehittymiseeni.<\/p>\n<p>Opiskelin urheiluhierojaksi <a href=\"http:\/\/www.tya.fi\">Turun hierojakoulussa (TYA)<\/a> ja olen Valviran rekister\u00f6im\u00e4 nimikesuojattu koulutettu hieroja (terveydenhuollon ammattilainen). Urheiluhierontakoulukseni ei ollut my\u00f6sk\u00e4\u00e4n mik\u00e4\u00e4n viikonloppukurssi, joita n\u00e4ytt\u00e4\u00e4 olevan tarjolla &#8221;muuntokoulutuksena&#8221; hierojille. Runsaan teorian lis\u00e4ksi meill\u00e4 oli vaatimuksena hieroa tavoitteellisia urheilijoita (oikeasti huipulle t\u00e4ht\u00e4\u00e4vi\u00e4) toista sataa tuntia ja t\u00e4ss\u00e4 omalla kohdallani lajikirjo oli monipuolinen. Klassisen- ja urheiluhieronnan koulutuksen lis\u00e4ksi olen opiskellut mm. <a href=\"https:\/\/www.youtube.com\/watch?v=dnlVbNrQCyQ\">perinteist\u00e4 thaihierontaa<\/a>. Lis\u00e4ksi olen luonnollisesti kokeillut tusinan muitakin erilaisia hierontoja ymm\u00e4rt\u00e4\u00e4kseni niiden vaikutuksia paremmin mm. <a href=\"https:\/\/www.youtube.com\/watch?v=L8kRKz46Ic4\">kuumakivi<\/a>-, <a href=\"https:\/\/www.youtube.com\/watch?v=4G8DZ6vW2b0\">bambukeppi<\/a>&#8211; ja <a href=\"https:\/\/www.youtube.com\/watch?v=cceOvcysW4w\">Tok Sen<\/a> -hieronta (t\u00e4h\u00e4n minulla on v\u00e4lineetkin) muutamia mainitakseni. Mik\u00e4li kiinnostusta ja asiakkaita riitt\u00e4\u00e4, voidaan hoitotarjontaa lis\u00e4t\u00e4 nykyisest\u00e4, joten mik\u00e4li olet kiinnostunut kokeilemaan jotain aivan muuta kuin t\u00e4ll\u00e4 hetkell\u00e4 on tarjolla, ota asia puheeksi ja katsotaan miten voin mahdollisesti olla avuksi.<\/p>\n<\/div><div class=\"fusion-image-carousel fusion-image-carousel-auto fusion-image-carousel-1 fusion-carousel-border\"><div class=\"fusion-carousel\" data-autoplay=\"yes\" data-columns=\"1\" data-itemmargin=\"13\" data-itemwidth=\"180\" data-touchscroll=\"no\" data-imagesize=\"auto\"><div class=\"fusion-carousel-positioner\"><ul class=\"fusion-carousel-holder\"><li class=\"fusion-carousel-item\"><div class=\"fusion-carousel-item-wrapper\"><div class=\"fusion-image-wrapper hover-type-zoomin\"><img width=\"820\" height=\"547\" src=\"https:\/\/aurinkohieronta.fi\/wp-content\/uploads\/2018\/01\/huone.jpg\" class=\"attachment-full size-full\" alt=\"Hierontatila\" decoding=\"async\" srcset=\"https:\/\/aurinkohieronta.fi\/wp-content\/uploads\/2018\/01\/huone-200x133.jpg 200w, https:\/\/aurinkohieronta.fi\/wp-content\/uploads\/2018\/01\/huone-300x200.jpg 300w, https:\/\/aurinkohieronta.fi\/wp-content\/uploads\/2018\/01\/huone-400x267.jpg 400w, https:\/\/aurinkohieronta.fi\/wp-content\/uploads\/2018\/01\/huone-600x400.jpg 600w, https:\/\/aurinkohieronta.fi\/wp-content\/uploads\/2018\/01\/huone-768x512.jpg 768w, https:\/\/aurinkohieronta.fi\/wp-content\/uploads\/2018\/01\/huone-800x534.jpg 800w, https:\/\/aurinkohieronta.fi\/wp-content\/uploads\/2018\/01\/huone.jpg 820w\" sizes=\"(max-width: 820px) 100vw, 820px\" \/><\/div><\/div><\/li><li class=\"fusion-carousel-item\"><div class=\"fusion-carousel-item-wrapper\"><div class=\"fusion-image-wrapper hover-type-zoomin\"><img width=\"820\" height=\"547\" src=\"https:\/\/aurinkohieronta.fi\/wp-content\/uploads\/2018\/01\/tausta2.jpg\" class=\"attachment-full size-full\" alt=\"Auringonlasku mets\u00e4n takana\" decoding=\"async\" srcset=\"https:\/\/aurinkohieronta.fi\/wp-content\/uploads\/2018\/01\/tausta2-200x133.jpg 200w, https:\/\/aurinkohieronta.fi\/wp-content\/uploads\/2018\/01\/tausta2-300x200.jpg 300w, https:\/\/aurinkohieronta.fi\/wp-content\/uploads\/2018\/01\/tausta2-400x267.jpg 400w, https:\/\/aurinkohieronta.fi\/wp-content\/uploads\/2018\/01\/tausta2-600x400.jpg 600w, https:\/\/aurinkohieronta.fi\/wp-content\/uploads\/2018\/01\/tausta2-768x512.jpg 768w, https:\/\/aurinkohieronta.fi\/wp-content\/uploads\/2018\/01\/tausta2-800x534.jpg 800w, https:\/\/aurinkohieronta.fi\/wp-content\/uploads\/2018\/01\/tausta2.jpg 820w\" sizes=\"(max-width: 820px) 100vw, 820px\" \/><\/div><\/div><\/li><li class=\"fusion-carousel-item\"><div class=\"fusion-carousel-item-wrapper\"><div class=\"fusion-image-wrapper hover-type-zoomin\"><img width=\"820\" height=\"547\" src=\"https:\/\/aurinkohieronta.fi\/wp-content\/uploads\/2018\/01\/Sisaankaynti2-1.jpg\" class=\"attachment-full size-full\" alt=\"Sis\u00e4\u00e4nk\u00e4ynti liikehuoneistoon\" decoding=\"async\" srcset=\"https:\/\/aurinkohieronta.fi\/wp-content\/uploads\/2018\/01\/Sisaankaynti2-1-200x133.jpg 200w, https:\/\/aurinkohieronta.fi\/wp-content\/uploads\/2018\/01\/Sisaankaynti2-1-300x200.jpg 300w, https:\/\/aurinkohieronta.fi\/wp-content\/uploads\/2018\/01\/Sisaankaynti2-1-400x267.jpg 400w, https:\/\/aurinkohieronta.fi\/wp-content\/uploads\/2018\/01\/Sisaankaynti2-1-600x400.jpg 600w, https:\/\/aurinkohieronta.fi\/wp-content\/uploads\/2018\/01\/Sisaankaynti2-1-768x512.jpg 768w, https:\/\/aurinkohieronta.fi\/wp-content\/uploads\/2018\/01\/Sisaankaynti2-1-800x534.jpg 800w, https:\/\/aurinkohieronta.fi\/wp-content\/uploads\/2018\/01\/Sisaankaynti2-1.jpg 820w\" sizes=\"(max-width: 820px) 100vw, 820px\" \/><\/div><\/div><\/li><li class=\"fusion-carousel-item\"><div class=\"fusion-carousel-item-wrapper\"><div class=\"fusion-image-wrapper hover-type-zoomin\"><img width=\"820\" height=\"547\" src=\"https:\/\/aurinkohieronta.fi\/wp-content\/uploads\/2018\/01\/odotustila.jpg\" class=\"attachment-full size-full\" alt=\"Odotustila\" decoding=\"async\" srcset=\"https:\/\/aurinkohieronta.fi\/wp-content\/uploads\/2018\/01\/odotustila-200x133.jpg 200w, https:\/\/aurinkohieronta.fi\/wp-content\/uploads\/2018\/01\/odotustila-300x200.jpg 300w, https:\/\/aurinkohieronta.fi\/wp-content\/uploads\/2018\/01\/odotustila-400x267.jpg 400w, https:\/\/aurinkohieronta.fi\/wp-content\/uploads\/2018\/01\/odotustila-600x400.jpg 600w, https:\/\/aurinkohieronta.fi\/wp-content\/uploads\/2018\/01\/odotustila-768x512.jpg 768w, https:\/\/aurinkohieronta.fi\/wp-content\/uploads\/2018\/01\/odotustila-800x534.jpg 800w, https:\/\/aurinkohieronta.fi\/wp-content\/uploads\/2018\/01\/odotustila.jpg 820w\" sizes=\"(max-width: 820px) 100vw, 820px\" \/><\/div><\/div><\/li><\/ul><div class=\"fusion-carousel-nav\"><button class=\"fusion-nav-prev awb-icon-left\" aria-label=\"Previous\"><\/button><button class=\"fusion-nav-next awb-icon-right\" aria-label=\"Next\"><\/button><\/div><\/div><\/div><\/div><div class=\"fusion-text fusion-text-2\"><p>Kuvissa pari kuvaa itse hierontatilasta sek\u00e4 sis\u00e4\u00e4nk\u00e4ynti ja odotustila. Odotustila on k\u00e4yt\u00f6ss\u00e4 <a href=\"https:\/\/studiovalentino.fi\/\">Studio Valentino<\/a>n aukioloaikoina.<\/p>\n<p style=\"text-align: center;\">Pirkan Aurinkohieronta \/ 2865420-9<\/p>\n<\/div><div class=\"fusion-clearfix\"><\/div><\/div><\/div><\/div><\/div>\n","protected":false},"excerpt":{"rendered":"","protected":false},"author":1,"featured_media":0,"parent":0,"menu_order":0,"comment_status":"closed","ping_status":"closed","template":"","meta":{"footnotes":""},"_links":{"self":[{"href":"https:\/\/aurinkohieronta.fi\/index.php?rest_route=\/wp\/v2\/pages\/275"}],"collection":[{"href":"https:\/\/aurinkohieronta.fi\/index.php?rest_route=\/wp\/v2\/pages"}],"about":[{"href":"https:\/\/aurinkohieronta.fi\/index.php?rest_route=\/wp\/v2\/types\/page"}],"author":[{"embeddable":true,"href":"https:\/\/aurinkohieronta.fi\/index.php?rest_route=\/wp\/v2\/users\/1"}],"replies":[{"embeddable":true,"href":"https:\/\/aurinkohieronta.fi\/index.php?rest_route=%2Fwp%2Fv2%2Fcomments&post=275"}],"version-history":[{"count":24,"href":"https:\/\/aurinkohieronta.fi\/index.php?rest_route=\/wp\/v2\/pages\/275\/revisions"}],"predecessor-version":[{"id":521,"href":"https:\/\/aurinkohieronta.fi\/index.php?rest_route=\/wp\/v2\/pages\/275\/revisions\/521"}],"wp:attachment":[{"href":"https:\/\/aurinkohieronta.fi\/index.php?rest_route=%2Fwp%2Fv2%2Fmedia&parent=275"}],"curies":[{"name":"wp","href":"https:\/\/api.w.org\/{rel}","templated":true}]}}